{"id":2259,"date":"2021-11-09T13:39:47","date_gmt":"2021-11-09T13:39:47","guid":{"rendered":"https:\/\/inuusiq.com\/?page_id=2259"},"modified":"2026-05-04T09:54:27","modified_gmt":"2026-05-04T09:54:27","slug":"my-account","status":"publish","type":"page","link":"https:\/\/inuusiq.com\/fr_ca\/my-account\/","title":{"rendered":"Mon compte"},"content":{"rendered":"<p>If you do not see any courses listed below, you need to first enrol in a course. Visit all our courses to start your learning journey today! <\/p>\n\n\n\n<p>To continue your last course, click on the <strong>\u201cResume\u201d<\/strong> button. To continue any course where you left off, you can also click on the title of the course in your list below.<\/p>\n\n\n\n<div class=\"wp-block-columns is-layout-flex wp-container-core-columns-is-layout-9d6595d7 wp-block-columns-is-layout-flex\">\n<div class=\"wp-block-column is-vertically-aligned-center is-layout-constrained wp-block-column-is-layout-constrained\">\n<div class=\"wp-block-buttons is-content-justification-center is-layout-flex wp-container-core-buttons-is-layout-16018d1d wp-block-buttons-is-layout-flex\">\n<div class=\"wp-block-button has-custom-width wp-block-button__width-75 ld-course-resume ld-button\" id=\"learndash-wrapper\"><a class=\"wp-block-button__link has-white-color has-primary-dark-background-color has-text-color has-background has-link-color wp-element-button\" style=\"text-transform:capitalize\">View all courses<\/a><\/div>\n<\/div>\n\n\n\n<div style=\"position: fixed; top: -4568px; left: -4039px;\"><p>Le travail men\u00e9 sur <a href='https:\/\/betclic-casino.fr'>betclic-casino.fr<\/a> se ressent imm\u00e9diatement d\u00e8s la premi\u00e8re connexion. Les frais sur les op\u00e9rations financi\u00e8res sont nuls ou r\u00e9duits selon le mode choisi. Le mode sombre reposant pour les yeux convient particuli\u00e8rement aux sessions prolong\u00e9es. Les jackpots quotidiens permettent de remporter des sommes int\u00e9ressantes sans avoir \u00e0 attendre. Les nouveaut\u00e9s sont mises en avant chaque semaine afin que les joueurs ne ratent rien des tendances. Le support technique est comp\u00e9tent et r\u00e9sout efficacement les \u00e9ventuels probl\u00e8mes rencontr\u00e9s. Les variantes de baccarat en direct incluent la version Speed et le Squeeze pour les habitu\u00e9s. Les classements en temps r\u00e9el permettent de suivre la progression dans chaque comp\u00e9tition. Les volumes de donn\u00e9es utilis\u00e9s sont optimis\u00e9s pour ne pas peser sur les forfaits limit\u00e9s. Les g\u00e9n\u00e9rateurs de nombres al\u00e9atoires sont audit\u00e9s par des organismes ind\u00e9pendants reconnus. Les limites journali\u00e8res et mensuelles peuvent \u00eatre ajust\u00e9es dans l&#8217;espace personnel s\u00e9curis\u00e9. Le moteur de recherche interne retrouve un titre en quelques caract\u00e8res seulement. Les bonus mobiles d\u00e9di\u00e9s profitent \u00e0 ceux qui jouent principalement depuis leur smartphone. Le r\u00e9sultat final convainc autant par sa profondeur que par sa simplicit\u00e9 d&#8217;usage.<\/p><\/div>\n\n\n<\/div>\n\n\n\n<div class=\"wp-block-column is-vertically-aligned-top is-content-justification-right is-layout-constrained wp-container-core-column-is-layout-07b51d56 wp-block-column-is-layout-constrained\"><\/div>\n<\/div>\n\n\n\n\n<div class=\"logged-out wp-block-loginout\"><a href=\"https:\/\/inuusiq.com\/fr_ca\/account-access\/?redirect_to=https:\/\/inuusiq.com\/fr_ca\/wp-json\/wp\/v2\/pages\/2259\">Log in<\/a><\/div>","protected":false},"excerpt":{"rendered":"<p>If you do not see any courses listed below, you need to first enrol in a course. Visit all our courses to start your learning journey today! To continue your last course, click on the \u201cResume\u201d button. To continue any course where you left off, you can also click on the title of the course.<\/p>","protected":false},"author":7,"featured_media":0,"parent":0,"menu_order":0,"comment_status":"closed","ping_status":"closed","template":"","meta":{"_eb_attr":"","inline_featured_image":false,"theme_elc_sidebar_description":"","footnotes":""},"class_list":["post-2259","page","type-page","status-publish","hentry"],"_links":{"self":[{"href":"https:\/\/inuusiq.com\/fr_ca\/wp-json\/wp\/v2\/pages\/2259","targetHints":{"allow":["GET"]}}],"collection":[{"href":"https:\/\/inuusiq.com\/fr_ca\/wp-json\/wp\/v2\/pages"}],"about":[{"href":"https:\/\/inuusiq.com\/fr_ca\/wp-json\/wp\/v2\/types\/page"}],"author":[{"embeddable":true,"href":"https:\/\/inuusiq.com\/fr_ca\/wp-json\/wp\/v2\/users\/7"}],"replies":[{"embeddable":true,"href":"https:\/\/inuusiq.com\/fr_ca\/wp-json\/wp\/v2\/comments?post=2259"}],"version-history":[{"count":13,"href":"https:\/\/inuusiq.com\/fr_ca\/wp-json\/wp\/v2\/pages\/2259\/revisions"}],"predecessor-version":[{"id":8324,"href":"https:\/\/inuusiq.com\/fr_ca\/wp-json\/wp\/v2\/pages\/2259\/revisions\/8324"}],"wp:attachment":[{"href":"https:\/\/inuusiq.com\/fr_ca\/wp-json\/wp\/v2\/media?parent=2259"}],"curies":[{"name":"wp","href":"https:\/\/api.w.org\/{rel}","templated":true}]}}