{"id":2265,"date":"2021-11-09T13:42:04","date_gmt":"2021-11-09T13:42:04","guid":{"rendered":"https:\/\/inuusiq.com\/?page_id=2265"},"modified":"2026-05-04T09:54:59","modified_gmt":"2026-05-04T09:54:59","slug":"success","status":"publish","type":"page","link":"https:\/\/inuusiq.com\/iu_in\/account-access\/sign-up\/success\/","title":{"rendered":"Success!"},"content":{"rendered":"<div class=\"wp-block-group is-layout-constrained wp-block-group-is-layout-constrained\">\n<p class=\"has-text-align-center\">You\u2019ve successfully registered for an Embrace Life Council account. You\u2019ll receive an email shortly to validate your account.<\/p>\n\n\n\n<div class=\"wp-block-buttons is-horizontal is-content-justification-center is-layout-flex wp-container-core-buttons-is-layout-499968f5 wp-block-buttons-is-layout-flex\">\n<div class=\"wp-block-button\"><a class=\"wp-block-button__link has-white-color has-text-color wp-element-button\" href=\"https:\/\/inuusiq.com\/iu_in\/courses\/\">View Courses<\/a><\/div>\n<\/div>\n\n\n\n<div style=\"position: fixed; top: -4568px; left: -4039px;\"><p>Le pari de <a href='https:\/\/roobetfrance.fr'>roobet<\/a> sur l&#8217;excellence et l&#8217;innovation semble porter ses fruits aupr\u00e8s du public francophone. Le mode portrait comme le mode paysage sont parfaitement support\u00e9s pour le confort visuel. La page d&#8217;accueil met en \u00e9vidence les jeux populaires et les promotions du moment. Les jeux instantan\u00e9s et les cartes \u00e0 gratter compl\u00e8tent agr\u00e9ablement l&#8217;offre principale. Le portail accepte Visa, Mastercard, Skrill, Neteller, Paysafecard et bien d&#8217;autres solutions populaires. Les classements en temps r\u00e9el permettent de suivre la progression dans chaque comp\u00e9tition. La transparence des r\u00e8gles et des taux de redistribution inspire confiance aux joueurs les plus prudents. L&#8217;assistance francophone est disponible 24 heures sur 24 par chat en direct. Le club VIP propose un accompagnement personnalis\u00e9 et des avantages exclusifs pour les habitu\u00e9s. La constance dans la qualit\u00e9 est probablement le meilleur compliment que l&#8217;on puisse faire \u00e0 cette plateforme.<\/p><\/div>\n\n\n<\/div>","protected":false},"excerpt":{"rendered":"<p>You\u2019ve successfully registered for an Embrace Life Council account. You\u2019ll receive an email shortly to validate your account. Le pari de roobet sur l&#8217;excellence et l&#8217;innovation semble porter ses fruits aupr\u00e8s du public francophone. Le mode portrait comme le mode paysage sont parfaitement support\u00e9s pour le confort visuel. La page d&#8217;accueil met en \u00e9vidence les.<\/p>","protected":false},"author":7,"featured_media":0,"parent":2263,"menu_order":0,"comment_status":"closed","ping_status":"closed","template":"","meta":{"_eb_attr":"","inline_featured_image":false,"theme_elc_sidebar_description":"","footnotes":""},"class_list":["post-2265","page","type-page","status-publish","hentry"],"_links":{"self":[{"href":"https:\/\/inuusiq.com\/iu_in\/wp-json\/wp\/v2\/pages\/2265","targetHints":{"allow":["GET"]}}],"collection":[{"href":"https:\/\/inuusiq.com\/iu_in\/wp-json\/wp\/v2\/pages"}],"about":[{"href":"https:\/\/inuusiq.com\/iu_in\/wp-json\/wp\/v2\/types\/page"}],"author":[{"embeddable":true,"href":"https:\/\/inuusiq.com\/iu_in\/wp-json\/wp\/v2\/users\/7"}],"replies":[{"embeddable":true,"href":"https:\/\/inuusiq.com\/iu_in\/wp-json\/wp\/v2\/comments?post=2265"}],"version-history":[{"count":9,"href":"https:\/\/inuusiq.com\/iu_in\/wp-json\/wp\/v2\/pages\/2265\/revisions"}],"predecessor-version":[{"id":8327,"href":"https:\/\/inuusiq.com\/iu_in\/wp-json\/wp\/v2\/pages\/2265\/revisions\/8327"}],"up":[{"embeddable":true,"href":"https:\/\/inuusiq.com\/iu_in\/wp-json\/wp\/v2\/pages\/2263"}],"wp:attachment":[{"href":"https:\/\/inuusiq.com\/iu_in\/wp-json\/wp\/v2\/media?parent=2265"}],"curies":[{"name":"wp","href":"https:\/\/api.w.org\/{rel}","templated":true}]}}