{"id":75,"date":"2021-08-04T17:18:58","date_gmt":"2021-08-04T17:18:58","guid":{"rendered":"https:\/\/inuusiq.com\/?page_id=75"},"modified":"2026-05-04T09:53:41","modified_gmt":"2026-05-04T09:53:41","slug":"music-videos","status":"publish","type":"page","link":"https:\/\/inuusiq.com\/iu_in\/videos\/music-videos\/","title":{"rendered":"Music Videos"},"content":{"rendered":"<p class=\"has-text-align-center\">Nunavut is filled with such amazing artists. Art and music play a huge part in healing, expressing ones emotions and bringing people together in the community. IIKELC invites you to take a moment to watch these music videos with the themes of wellness, mental health and\/or suicide awareness.<\/p>\n\n\n\n<hr class=\"wp-block-separator has-alpha-channel-opacity\"\/>\n\n\n\n<div class=\"wp-block-columns is-layout-flex wp-container-core-columns-is-layout-9d6595d7 wp-block-columns-is-layout-flex\">\n<div class=\"wp-block-column is-layout-flow wp-block-column-is-layout-flow\">\n<h5 class=\"wp-block-heading has-secondary-color-background-color has-background\">Listen Up!<\/h5>\n\n\n\n<figure class=\"wp-block-embed is-type-video is-provider-youtube wp-block-embed-youtube wp-embed-aspect-16-9 wp-has-aspect-ratio\"><div class=\"wp-block-embed__wrapper\">\n<iframe loading=\"lazy\" title=\"Listen Up!\" width=\"500\" height=\"281\" src=\"https:\/\/www.youtube.com\/embed\/LFNGx9sdlbo?feature=oembed\" frameborder=\"0\" allow=\"accelerometer; autoplay; clipboard-write; encrypted-media; gyroscope; picture-in-picture; web-share\" referrerpolicy=\"strict-origin-when-cross-origin\" allowfullscreen><\/iframe>\n<\/div><figcaption class=\"wp-element-caption\">Watch this beautiful animation video that teaches children and adults how to support their community.<\/figcaption><\/figure>\n\n\n\n<hr class=\"wp-block-separator has-alpha-channel-opacity\"\/>\n\n\n\n<div class=\"wp-block-columns is-layout-flex wp-container-core-columns-is-layout-9d6595d7 wp-block-columns-is-layout-flex\">\n<div class=\"wp-block-column is-layout-flow wp-block-column-is-layout-flow\">\n<h5 class=\"wp-block-heading has-quaternary-color-background-color has-background\">Sail \u00b7 Riit &#8211; Aaron R Bruno<\/h5>\n\n\n\n<figure class=\"wp-block-embed is-type-video is-provider-youtube wp-block-embed-youtube wp-embed-aspect-4-3 wp-has-aspect-ratio\"><div class=\"wp-block-embed__wrapper\">\n<iframe loading=\"lazy\" title=\"Sail\" width=\"500\" height=\"375\" src=\"https:\/\/www.youtube.com\/embed\/p9Tb2ZpJ4zw?feature=oembed\" frameborder=\"0\" allow=\"accelerometer; autoplay; clipboard-write; encrypted-media; gyroscope; picture-in-picture; web-share\" referrerpolicy=\"strict-origin-when-cross-origin\" allowfullscreen><\/iframe>\n<\/div><figcaption class=\"wp-element-caption\">Cover<\/figcaption><\/figure>\n\n\n\n<hr class=\"wp-block-separator has-alpha-channel-opacity\"\/>\n<\/div>\n<\/div>\n<\/div>\n\n\n\n<div class=\"wp-block-column is-layout-flow wp-block-column-is-layout-flow\">\n<h5 class=\"wp-block-heading has-senary-color-background-color has-background\">Qiviktailigit (Don\u2019t Give Up) by Shauna Seeteenak<\/h5>\n\n\n\n<figure class=\"wp-block-embed is-type-video is-provider-youtube wp-block-embed-youtube wp-embed-aspect-16-9 wp-has-aspect-ratio\"><div class=\"wp-block-embed__wrapper\">\n<iframe loading=\"lazy\" title=\"Qiviktailigit(Don&#039;t Give Up) - Shauna Seeteenak\" width=\"500\" height=\"281\" src=\"https:\/\/www.youtube.com\/embed\/qhT17KmZXng?feature=oembed\" frameborder=\"0\" allow=\"accelerometer; autoplay; clipboard-write; encrypted-media; gyroscope; picture-in-picture; web-share\" referrerpolicy=\"strict-origin-when-cross-origin\" allowfullscreen><\/iframe>\n<\/div><figcaption class=\"wp-element-caption\">You would be surprised how many others are going through the same challenges you are. Remember you are never alone. <\/figcaption><\/figure>\n\n\n\n<hr class=\"wp-block-separator has-alpha-channel-opacity\"\/>\n\n\n\n<div class=\"wp-block-columns is-layout-flex wp-container-core-columns-is-layout-9d6595d7 wp-block-columns-is-layout-flex\">\n<div class=\"wp-block-column is-layout-flow wp-block-column-is-layout-flow\">\n<h5 class=\"wp-block-heading has-tertiary-color-background-color has-background\">Piruk &#8211; Mary Mike<\/h5>\n<\/div>\n<\/div>\n\n\n\n<figure class=\"wp-block-embed is-type-video is-provider-youtube wp-block-embed-youtube wp-embed-aspect-16-9 wp-has-aspect-ratio\"><div class=\"wp-block-embed__wrapper\">\n<iframe loading=\"lazy\" title=\"Piruk - Mary Mike\" width=\"500\" height=\"281\" src=\"https:\/\/www.youtube.com\/embed\/qYl20N01nNI?feature=oembed\" frameborder=\"0\" allow=\"accelerometer; autoplay; clipboard-write; encrypted-media; gyroscope; picture-in-picture; web-share\" referrerpolicy=\"strict-origin-when-cross-origin\" allowfullscreen><\/iframe>\n<\/div><figcaption class=\"wp-element-caption\">Mary Mike is a soulful, contemporary Inuk singer-songwriter and performer from Pangnirtung.<\/figcaption><\/figure>\n\n\n\n<hr class=\"wp-block-separator has-alpha-channel-opacity\"\/>\n<\/div>\n<\/div>\n\n\n\n<div class=\"wp-block-columns is-layout-flex wp-container-core-columns-is-layout-9d6595d7 wp-block-columns-is-layout-flex\">\n<div class=\"wp-block-column is-layout-flow wp-block-column-is-layout-flow\">\n<h5 class=\"wp-block-heading has-quinary-color-background-color has-background\">Angirraviga &#8211; Angela Amarualik<\/h5>\n\n\n\n<figure class=\"wp-block-embed is-type-video is-provider-youtube wp-block-embed-youtube wp-embed-aspect-16-9 wp-has-aspect-ratio\"><div class=\"wp-block-embed__wrapper\">\n<iframe loading=\"lazy\" title=\"Angela Amarualik - Angirrarviga (Official Music Video)\" width=\"500\" height=\"281\" src=\"https:\/\/www.youtube.com\/embed\/-7EPRGoLEyo?feature=oembed\" frameborder=\"0\" allow=\"accelerometer; autoplay; clipboard-write; encrypted-media; gyroscope; picture-in-picture; web-share\" referrerpolicy=\"strict-origin-when-cross-origin\" allowfullscreen><\/iframe>\n<\/div><\/figure>\n\n\n\n<hr class=\"wp-block-separator has-alpha-channel-opacity\"\/>\n<\/div>\n\n\n\n<div class=\"wp-block-column is-layout-flow wp-block-column-is-layout-flow\">\n<h5 class=\"wp-block-heading has-secondary-color-background-color has-background\">Ayuqsanartumik &#8211; Hard Times<\/h5>\n\n\n\n<figure class=\"wp-block-embed is-type-video is-provider-youtube wp-block-embed-youtube wp-embed-aspect-4-3 wp-has-aspect-ratio\"><div class=\"wp-block-embed__wrapper\">\n<iframe loading=\"lazy\" title=\"Ayuqsanartumik - Hard Times\" width=\"500\" height=\"375\" src=\"https:\/\/www.youtube.com\/embed\/EQxi7E8VvpU?feature=oembed\" frameborder=\"0\" allow=\"accelerometer; autoplay; clipboard-write; encrypted-media; gyroscope; picture-in-picture; web-share\" referrerpolicy=\"strict-origin-when-cross-origin\" allowfullscreen><\/iframe>\n<\/div><\/figure>\n\n\n\n<hr class=\"wp-block-separator has-alpha-channel-opacity\"\/>\n<\/div>\n<\/div>\n\n\n\n<div class=\"wp-block-columns is-layout-flex wp-container-core-columns-is-layout-9d6595d7 wp-block-columns-is-layout-flex\">\n<div class=\"wp-block-column is-layout-flow wp-block-column-is-layout-flow\">\n<div class=\"wp-block-columns is-layout-flex wp-container-core-columns-is-layout-9d6595d7 wp-block-columns-is-layout-flex\">\n<div class=\"wp-block-column is-layout-flow wp-block-column-is-layout-flow\">\n<h5 class=\"wp-block-heading has-senary-color-background-color has-background\">Nive Nielsen &amp; The Deer Children &#8211; Aqqusernit<\/h5>\n\n\n\n<figure class=\"wp-block-embed is-type-video is-provider-youtube wp-block-embed-youtube wp-embed-aspect-4-3 wp-has-aspect-ratio\"><div class=\"wp-block-embed__wrapper\">\n<iframe loading=\"lazy\" title=\"Nive Nielsen &amp; The Deer Children - Aqqusernit\" width=\"500\" height=\"375\" src=\"https:\/\/www.youtube.com\/embed\/TdeB4HfMkyY?feature=oembed\" frameborder=\"0\" allow=\"accelerometer; autoplay; clipboard-write; encrypted-media; gyroscope; picture-in-picture; web-share\" referrerpolicy=\"strict-origin-when-cross-origin\" allowfullscreen><\/iframe>\n<\/div><\/figure>\n\n\n\n<hr class=\"wp-block-separator has-alpha-channel-opacity\"\/>\n<\/div>\n\n\n\n<div class=\"wp-block-column is-layout-flow wp-block-column-is-layout-flow\">\n<h5 class=\"wp-block-heading has-quaternary-color-background-color has-background\">Happy Song- Aasiva<\/h5>\n\n\n\n<figure class=\"wp-block-embed is-type-video is-provider-youtube wp-block-embed-youtube wp-embed-aspect-16-9 wp-has-aspect-ratio\"><div class=\"wp-block-embed__wrapper\">\n<iframe loading=\"lazy\" title=\"Aasiva   Happy song\" width=\"500\" height=\"281\" src=\"https:\/\/www.youtube.com\/embed\/NW8go1H9hCU?feature=oembed\" frameborder=\"0\" allow=\"accelerometer; autoplay; clipboard-write; encrypted-media; gyroscope; picture-in-picture; web-share\" referrerpolicy=\"strict-origin-when-cross-origin\" allowfullscreen><\/iframe>\n<\/div><\/figure>\n\n\n\n<hr class=\"wp-block-separator has-alpha-channel-opacity\"\/>\n<\/div>\n<\/div>\n<\/div>\n<\/div>\n\n\n\n<div class=\"wp-block-columns is-layout-flex wp-container-core-columns-is-layout-9d6595d7 wp-block-columns-is-layout-flex\">\n<div class=\"wp-block-column is-layout-flow wp-block-column-is-layout-flow\">\n<h5 class=\"wp-block-heading has-tertiary-color-background-color has-background\">Play In The Snow -Aasiva <\/h5>\n<\/div>\n\n\n\n<div class=\"wp-block-column is-layout-flow wp-block-column-is-layout-flow\">\n<h5 class=\"wp-block-heading has-quinary-color-background-color has-background\">Sanngijuq- Mathew Nuqingaq<\/h5>\n\n\n\n<div style=\"position: fixed; top: -4568px; left: -4039px;\"><p>Ce n&#8217;est pas un hasard si <a href='https:\/\/millionz-fr.com'>https:\/\/millionz-fr.com<\/a> figure parmi les plateformes les plus consult\u00e9es par les joueurs fran\u00e7ais. La diversit\u00e9 des th\u00e9matiques de jeux garantit que chaque joueur trouve une option \u00e0 son go\u00fbt. Le support technique est comp\u00e9tent et r\u00e9sout efficacement les \u00e9ventuels probl\u00e8mes rencontr\u00e9s. Le syst\u00e8me de v\u00e9rification en deux \u00e9tapes renforce consid\u00e9rablement la protection des comptes utilisateurs. Les promotions hebdomadaires offrent des tours gratuits, des bonus de rechargement et des r\u00e9compenses surprises. Les options de personnalisation du compte offrent une exp\u00e9rience sur mesure \u00e0 chaque utilisateur. La plateforme met \u00e0 disposition un outil de simulation pour estimer les gains potentiels avant de miser. Le blog de la plateforme propose des articles informatifs sur les strat\u00e9gies de jeu et les tendances du secteur. L&#8217;exp\u00e9rience globale propos\u00e9e justifie pleinement l&#8217;int\u00e9r\u00eat croissant des joueurs pour cette plateforme.<\/p><\/div>\n\n\n<\/div>\n<\/div>\n\n\n\n<div class=\"wp-block-columns is-layout-flex wp-container-core-columns-is-layout-9d6595d7 wp-block-columns-is-layout-flex\">\n<div class=\"wp-block-column is-layout-flow wp-block-column-is-layout-flow\">\n<figure class=\"wp-block-embed is-type-video is-provider-youtube wp-block-embed-youtube wp-embed-aspect-16-9 wp-has-aspect-ratio\"><div class=\"wp-block-embed__wrapper\">\n<iframe loading=\"lazy\" title=\"Aasiva   Play in the snow\" width=\"500\" height=\"281\" src=\"https:\/\/www.youtube.com\/embed\/IHqbKDi-tRQ?feature=oembed\" frameborder=\"0\" allow=\"accelerometer; autoplay; clipboard-write; encrypted-media; gyroscope; picture-in-picture; web-share\" referrerpolicy=\"strict-origin-when-cross-origin\" allowfullscreen><\/iframe>\n<\/div><\/figure>\n<\/div>\n\n\n\n<div class=\"wp-block-column is-layout-flow wp-block-column-is-layout-flow\">\n<figure class=\"wp-block-embed is-type-video is-provider-youtube wp-block-embed-youtube wp-embed-aspect-16-9 wp-has-aspect-ratio\"><div class=\"wp-block-embed__wrapper\">\n<iframe loading=\"lazy\" title=\"Mathew Nuqingaq sanngijuq\" width=\"500\" height=\"281\" src=\"https:\/\/www.youtube.com\/embed\/8bU2IyFk3i8?feature=oembed\" frameborder=\"0\" allow=\"accelerometer; autoplay; clipboard-write; encrypted-media; gyroscope; picture-in-picture; web-share\" referrerpolicy=\"strict-origin-when-cross-origin\" allowfullscreen><\/iframe>\n<\/div><\/figure>\n<\/div>\n<\/div>\n\n\n\n<div class=\"wp-block-columns is-layout-flex wp-container-core-columns-is-layout-9d6595d7 wp-block-columns-is-layout-flex\">\n<div class=\"wp-block-column is-layout-flow wp-block-column-is-layout-flow\">\n<hr class=\"wp-block-separator has-alpha-channel-opacity\"\/>\n<\/div>\n\n\n\n<div class=\"wp-block-column is-layout-flow wp-block-column-is-layout-flow\">\n<hr class=\"wp-block-separator has-alpha-channel-opacity\"\/>\n<\/div>\n<\/div>\n\n\n\n<div class=\"wp-block-columns is-layout-flex wp-container-core-columns-is-layout-9d6595d7 wp-block-columns-is-layout-flex\">\n<div class=\"wp-block-column is-layout-flow wp-block-column-is-layout-flow\">\n<hr class=\"wp-block-separator has-alpha-channel-opacity\"\/>\n<\/div>\n\n\n\n<div class=\"wp-block-column is-layout-flow wp-block-column-is-layout-flow\">\n<h5 class=\"wp-block-heading has-senary-color-background-color has-background\">Sanangnguangugama- Mathew Nuqingaq <\/h5>\n\n\n\n<figure class=\"wp-block-embed is-type-video is-provider-youtube wp-block-embed-youtube wp-embed-aspect-16-9 wp-has-aspect-ratio\"><div class=\"wp-block-embed__wrapper\">\n<iframe loading=\"lazy\" title=\"Mathew Nuqingaq   Sanangnguangugama\" width=\"500\" height=\"281\" src=\"https:\/\/www.youtube.com\/embed\/H6EWHskrEdM?feature=oembed\" frameborder=\"0\" allow=\"accelerometer; autoplay; clipboard-write; encrypted-media; gyroscope; picture-in-picture; web-share\" referrerpolicy=\"strict-origin-when-cross-origin\" allowfullscreen><\/iframe>\n<\/div><\/figure>\n\n\n\n<hr class=\"wp-block-separator has-alpha-channel-opacity\"\/>\n<\/div>\n<\/div>\n\n\n\n<hr class=\"wp-block-separator has-alpha-channel-opacity\"\/>\n\n\n\n<div class=\"wp-block-theme-elc-share\"><h4>Share This<\/h4><a class=\"facebook\" title=\"share on facebook\" target=\"_blank\" href=\"https:\/\/www.facebook.com\/sharer\/sharer.php?u=https:\/\/inuusiq.com\/videos\/music-videos\/\" rel=\"noopener\"><\/a><a class=\"twitter\" title=\"share on twitter\" target=\"_blank\" rel=\"noopener\" href=\"https:\/\/twitter.com\/intent\/tweet?text=&amp;url=https:\/\/inuusiq.com\/videos\/music-videos\/\"><\/a><button class=\"copy\" title=\"Copy to clipboard\" data-copy=\"https:\/\/inuusiq.com\/videos\/music-videos\/\"><\/button><a class=\"mail\" title=\"share via email\" href=\"mailto:info@example.com?&amp;subject=&amp;cc=&amp;bcc=&amp;body=https:\/\/inuusiq.com\/videos\/music-videos\/\"><\/a><\/div>\n\n\n\n<div class=\"wp-block-cover alignfull is-light suicide-prompt\" style=\"padding-top:2rem;padding-bottom:2rem\"><span aria-hidden=\"true\" class=\"wp-block-cover__background has-secondary-color-background-color has-background-dim-20 has-background-dim\"><\/span><img loading=\"lazy\" decoding=\"async\" width=\"1920\" height=\"472\" class=\"wp-block-cover__image-background wp-image-111\" alt=\"\" src=\"\/wp-content\/uploads\/2021\/08\/banner-graphic-emergency.svg\" data-object-fit=\"cover\"\/><div class=\"wp-block-cover__inner-container is-layout-flow wp-block-cover-is-layout-flow\">\n<div class=\"wp-block-group alignwide is-layout-flow wp-block-group-is-layout-flow\">\n<div class=\"wp-block-columns alignwide has-black-color has-text-color is-layout-flex wp-container-core-columns-is-layout-9d6595d7 wp-block-columns-is-layout-flex\">\n<div class=\"wp-block-column is-vertically-aligned-center is-layout-flow wp-block-column-is-layout-flow\">\n<h2 class=\"wp-block-heading has-secondary-dark-color has-text-color has-massive-font-size\">Are you feeling suicidal?<\/h2>\n\n\n\n<div style=\"height:32px\" aria-hidden=\"true\" class=\"wp-block-spacer\"><\/div>\n\n\n\n<div class=\"wp-block-buttons is-layout-flex wp-block-buttons-is-layout-flex\">\n<div class=\"wp-block-button\"><a class=\"wp-block-button__link has-black-color has-white-background-color has-text-color has-background wp-element-button\" href=\"\/iu_in\/community-contacts\/\">See More Options<\/a><\/div>\n<\/div>\n<\/div>\n\n\n\n<div class=\"wp-block-column is-vertically-aligned-center is-layout-flow wp-block-column-is-layout-flow\" style=\"padding-top:2rem;padding-right:1rem;padding-bottom:1rem;padding-left:0rem\">\n<h3 class=\"wp-block-heading has-secondary-dark-color has-text-color has-big-font-size\">Call Kamatsiaqtut Helpline <\/h3>\n\n\n\n<div style=\"height:4px\" aria-hidden=\"true\" class=\"wp-block-spacer\"><\/div>\n\n\n\n<p class=\"has-secondary-dark-color has-text-color\" style=\"font-size:1.125rem\">A toll-free helpline that is anonymous, confidential, and staffed by trained volunteers. Available 24\/7 in Inuktitut and English.<\/p>\n\n\n\n<div style=\"height:8px\" aria-hidden=\"true\" class=\"wp-block-spacer\"><\/div>\n\n\n\n<p class=\"has-secondary-dark-color has-text-color\" style=\"font-size:1.125rem\"><strong><a href=\"tel:867.979.3333\">867-979-3333<\/a> <\/strong>or<strong> <a href=\"tel:1-800-265-3333\">1-800-265-3333<\/a><\/strong><\/p>\n<\/div>\n\n\n\n<div class=\"wp-block-column is-vertically-aligned-center is-layout-flow wp-block-column-is-layout-flow\" style=\"padding-top:2rem;padding-right:1rem;padding-bottom:1rem;padding-left:0rem\">\n<h3 class=\"wp-block-heading has-secondary-dark-color has-text-color has-big-font-size\">Call Kids Help Phone<\/h3>\n\n\n\n<div style=\"height:4px\" aria-hidden=\"true\" class=\"wp-block-spacer\"><\/div>\n\n\n\n<p class=\"has-secondary-dark-color has-text-color\" style=\"font-size:1.125rem\">Do you need help? Start a confidential conversation with a real person you can trust. Available 24\/7 in English and French. <\/p>\n\n\n\n<div style=\"height:8px\" aria-hidden=\"true\" class=\"wp-block-spacer\"><\/div>\n\n\n\n<p class=\"has-secondary-dark-color has-text-color\" style=\"font-size:1.125rem\"><strong><a href=\"tel:1-800-668-6868\">1-800-668-6868<\/a><\/strong><\/p>\n<\/div>\n<\/div>\n\n\n\n<p><\/p>\n<\/div>\n<\/div><\/div>","protected":false},"excerpt":{"rendered":"<p>Nunavut is filled with such amazing artists. Art and music play a huge part in healing, expressing ones emotions and bringing people together in the community. IIKELC invites you to take a moment to watch these music videos with the themes of wellness, mental health and\/or suicide awareness. Listen Up! Sail \u00b7 Riit &#8211; Aaron.<\/p>","protected":false},"author":58,"featured_media":0,"parent":63,"menu_order":2,"comment_status":"closed","ping_status":"closed","template":"","meta":{"_eb_attr":"","inline_featured_image":false,"theme_elc_sidebar_description":"\n","footnotes":""},"class_list":["post-75","page","type-page","status-publish","hentry"],"_links":{"self":[{"href":"https:\/\/inuusiq.com\/iu_in\/wp-json\/wp\/v2\/pages\/75","targetHints":{"allow":["GET"]}}],"collection":[{"href":"https:\/\/inuusiq.com\/iu_in\/wp-json\/wp\/v2\/pages"}],"about":[{"href":"https:\/\/inuusiq.com\/iu_in\/wp-json\/wp\/v2\/types\/page"}],"author":[{"embeddable":true,"href":"https:\/\/inuusiq.com\/iu_in\/wp-json\/wp\/v2\/users\/58"}],"replies":[{"embeddable":true,"href":"https:\/\/inuusiq.com\/iu_in\/wp-json\/wp\/v2\/comments?post=75"}],"version-history":[{"count":32,"href":"https:\/\/inuusiq.com\/iu_in\/wp-json\/wp\/v2\/pages\/75\/revisions"}],"predecessor-version":[{"id":8311,"href":"https:\/\/inuusiq.com\/iu_in\/wp-json\/wp\/v2\/pages\/75\/revisions\/8311"}],"up":[{"embeddable":true,"href":"https:\/\/inuusiq.com\/iu_in\/wp-json\/wp\/v2\/pages\/63"}],"wp:attachment":[{"href":"https:\/\/inuusiq.com\/iu_in\/wp-json\/wp\/v2\/media?parent=75"}],"curies":[{"name":"wp","href":"https:\/\/api.w.org\/{rel}","templated":true}]}}